{"id":13,"date":"2018-06-16T17:56:35","date_gmt":"2018-06-16T15:56:35","guid":{"rendered":"http:\/\/vvs.cmelo.cz\/?page_id=13"},"modified":"2024-09-29T19:51:26","modified_gmt":"2024-09-29T17:51:26","slug":"stranky-dds","status":"publish","type":"page","link":"https:\/\/vvs.cmelo.cz\/","title":{"rendered":"Str\u00e1nky VV\u0160"},"content":{"rendered":"<p>V\u00edtejte na str\u00e1nce absolvent\u016f\u00a0<strong>Vysok\u00e9 vojensk\u00e9 \u0161koly t\u00fdlov\u00e9ho a technick\u00e9ho zabezpe\u010den\u00ed \u017dilina<\/strong>, v letech <strong>1978 &#8211; 1981<\/strong>.<\/p>\n<p>Tato str\u00e1nka byla zalo\u017eena kv\u016fli pl\u00e1novan\u00e9mu zru\u0161en\u00ed slu\u017eeb na port\u00e1lu\u00a0<strong>spoluziaci<\/strong>.\u00a0Douf\u00e1m, \u017ee n\u00e1m tyto nov\u00e9 str\u00e1nky budou stejn\u011b p\u0159\u00edjemn\u00fdm domovem jako ty p\u0159edchoz\u00ed.<\/p>\n<p>V\u011bt\u0161ina obsahu t\u011bchto str\u00e1nek nen\u00ed ve\u0159ejn\u00e1. Pro p\u0159\u00edstup k v\u011bt\u0161in\u011b obsahu je nutno b\u00fdt <strong>p\u0159ihl\u00e1\u0161en\u00fd na sv\u016fj u\u017eivatelsk\u00fd \u00fa\u010det<\/strong>. Sta\u010d\u00ed kliknout na sekci &#8220;P\u0159ihl\u00e1\u0161en\u00ed&#8221;, vyplnit u\u017eivatelsk\u00e9 jm\u00e9no a heslo, a kliknout na modr\u00e9 tla\u010d\u00edtko &#8220;P\u0159ihl\u00e1sit&#8221;.<\/p>\n<p>\u00da\u010dty jsou ji\u017e dop\u0159edu zalo\u017een\u00e9. P\u0159ihla\u0161te se Sv\u00fdm p\u0159\u00edjmen\u00edm bez hacku a carek, tj. &#8220;\u010cmelo&#8221; m\u00e1 p\u0159ihla\u0161ovac\u00ed jm\u00e9no &#8220;Cmelo&#8221;. Pro \u00favodn\u00ed heslo a v p\u0159\u00edpad\u011b jin\u00fdch komplikac\u00ed kontaktujte \u010cmel\u00e1ka \ud83d\ude42 Heslo si pak p\u0159\u00edpadn\u011b zm\u011b\u0148te, a\u0165 m\u00e1te sv\u016fj \u00fa\u010det opravdu jen pro sebe.<\/p>\n","protected":false},"excerpt":{"rendered":"<p>V\u00edtejte na str\u00e1nce absolvent\u016f\u00a0Vysok\u00e9 vojensk\u00e9 \u0161koly t\u00fdlov\u00e9ho a technick\u00e9ho zabezpe\u010den\u00ed \u017dilina, v letech 1978 &#8211; 1981. Tato str\u00e1nka byla zalo\u017eena kv\u016fli pl\u00e1novan\u00e9mu zru\u0161en\u00ed slu\u017eeb na port\u00e1lu\u00a0spoluziaci.\u00a0Douf\u00e1m, \u017ee n\u00e1m tyto nov\u00e9 str\u00e1nky budou stejn\u011b p\u0159\u00edjemn\u00fdm domovem jako ty p\u0159edchoz\u00ed. V\u011bt\u0161ina obsahu t\u011bchto str\u00e1nek nen\u00ed ve\u0159ejn\u00e1. Pro p\u0159\u00edstup k v\u011bt\u0161in\u011b obsahu je nutno b\u00fdt p\u0159ihl\u00e1\u0161en\u00fd na sv\u016fj &hellip; <\/p>\n<p class=\"link-more\"><a href=\"https:\/\/vvs.cmelo.cz\/\" class=\"more-link\">Pokra\u010dovat ve \u010dten\u00ed<span class=\"screen-reader-text\"> &#8220;Str\u00e1nky VV\u0160&#8221;<\/span><\/a><\/p>\n","protected":false},"author":1,"featured_media":0,"parent":0,"menu_order":0,"comment_status":"closed","ping_status":"closed","template":"","meta":[],"_links":{"self":[{"href":"https:\/\/vvs.cmelo.cz\/index.php\/wp-json\/wp\/v2\/pages\/13"}],"collection":[{"href":"https:\/\/vvs.cmelo.cz\/index.php\/wp-json\/wp\/v2\/pages"}],"about":[{"href":"https:\/\/vvs.cmelo.cz\/index.php\/wp-json\/wp\/v2\/types\/page"}],"author":[{"embeddable":true,"href":"https:\/\/vvs.cmelo.cz\/index.php\/wp-json\/wp\/v2\/users\/1"}],"replies":[{"embeddable":true,"href":"https:\/\/vvs.cmelo.cz\/index.php\/wp-json\/wp\/v2\/comments?post=13"}],"version-history":[{"count":9,"href":"https:\/\/vvs.cmelo.cz\/index.php\/wp-json\/wp\/v2\/pages\/13\/revisions"}],"predecessor-version":[{"id":354,"href":"https:\/\/vvs.cmelo.cz\/index.php\/wp-json\/wp\/v2\/pages\/13\/revisions\/354"}],"wp:attachment":[{"href":"https:\/\/vvs.cmelo.cz\/index.php\/wp-json\/wp\/v2\/media?parent=13"}],"curies":[{"name":"wp","href":"https:\/\/api.w.org\/{rel}","templated":true}]}}